{"id":8,"date":"2022-11-04T19:37:58","date_gmt":"2022-11-04T19:37:58","guid":{"rendered":"https:\/\/cafemeta.fr\/?page_id=8"},"modified":"2025-05-27T15:50:41","modified_gmt":"2025-05-27T15:50:41","slug":"accueil","status":"publish","type":"page","link":"https:\/\/www.cafemeta.fr\/","title":{"rendered":"Bienvenue au cafe meta"},"content":{"rendered":"<p>[et_pb_section fb_built=\u00a0\u00bb1&Prime; _builder_version=\u00a0\u00bb4.20.4&Prime; _module_preset=\u00a0\u00bbdefault\u00a0\u00bb background_color=\u00a0\u00bb#000000&Prime; min_height=\u00a0\u00bb60px\u00a0\u00bb height=\u00a0\u00bb60px\u00a0\u00bb max_height=\u00a0\u00bb60px\u00a0\u00bb custom_margin=\u00a0\u00bb0px||0px||false|false\u00a0\u00bb custom_padding=\u00a0\u00bb0px||0px||false|false\u00a0\u00bb global_colors_info=\u00a0\u00bb{}\u00a0\u00bb][et_pb_row _builder_version=\u00a0\u00bb4.20.4&Prime; _module_preset=\u00a0\u00bbdefault\u00a0\u00bb background_color=\u00a0\u00bb#331584&Prime; width=\u00a0\u00bb100%\u00a0\u00bb max_width=\u00a0\u00bb100%\u00a0\u00bb min_height=\u00a0\u00bb60px\u00a0\u00bb height=\u00a0\u00bb60px\u00a0\u00bb max_height=\u00a0\u00bb60px\u00a0\u00bb custom_margin=\u00a0\u00bb0px||0px||false|false\u00a0\u00bb custom_padding=\u00a0\u00bb10px||0px||false|false\u00a0\u00bb global_colors_info=\u00a0\u00bb{}\u00a0\u00bb][et_pb_column type=\u00a0\u00bb4_4&Prime; _builder_version=\u00a0\u00bb4.20.4&Prime; _module_preset=\u00a0\u00bbdefault\u00a0\u00bb global_colors_info=\u00a0\u00bb{}\u00a0\u00bb][et_pb_menu _builder_version=\u00a0\u00bb4.20.4&Prime; _module_preset=\u00a0\u00bbdefault\u00a0\u00bb menu_font=\u00a0\u00bb|600|||||||\u00a0\u00bb menu_text_color=\u00a0\u00bb#FFFFFF\u00a0\u00bb background_color=\u00a0\u00bb#0C71C3&Prime; text_orientation=\u00a0\u00bbright\u00a0\u00bb custom_margin=\u00a0\u00bb0px||0px||false|false\u00a0\u00bb custom_padding=\u00a0\u00bb0px|50px|0px||false|false\u00a0\u00bb global_colors_info=\u00a0\u00bb{}\u00a0\u00bb][\/et_pb_menu][\/et_pb_column][\/et_pb_row][\/et_pb_section][et_pb_section fb_built=\u00a0\u00bb1&Prime; _builder_version=\u00a0\u00bb4.27.4&Prime; _module_preset=\u00a0\u00bbdefault\u00a0\u00bb width=\u00a0\u00bb100%\u00a0\u00bb min_height=\u00a0\u00bb100px\u00a0\u00bb height=\u00a0\u00bb100px\u00a0\u00bb global_colors_info=\u00a0\u00bb{}\u00a0\u00bb][\/et_pb_section][et_pb_section fb_built=\u00a0\u00bb1&Prime; _builder_version=\u00a0\u00bb4.27.4&Prime; _module_preset=\u00a0\u00bbdefault\u00a0\u00bb custom_margin=\u00a0\u00bb0px||0px||false|false\u00a0\u00bb custom_padding=\u00a0\u00bb40px||0px||false|false\u00a0\u00bb global_colors_info=\u00a0\u00bb{}\u00a0\u00bb][et_pb_row _builder_version=\u00a0\u00bb4.27.4&Prime; _module_preset=\u00a0\u00bbdefault\u00a0\u00bb width=\u00a0\u00bb100%\u00a0\u00bb max_width=\u00a0\u00bb100%\u00a0\u00bb custom_margin=\u00a0\u00bb0px||0px||false|false\u00a0\u00bb custom_padding=\u00a0\u00bb0px||109px||false|false\u00a0\u00bb global_colors_info=\u00a0\u00bb{}\u00a0\u00bb][et_pb_column type=\u00a0\u00bb4_4&Prime; _builder_version=\u00a0\u00bb4.27.4&Prime; _module_preset=\u00a0\u00bbdefault\u00a0\u00bb global_colors_info=\u00a0\u00bb{}\u00a0\u00bb][et_pb_code _builder_version=\u00a0\u00bb4.27.4&Prime; _module_preset=\u00a0\u00bbdefault\u00a0\u00bb width=\u00a0\u00bb95%\u00a0\u00bb max_width=\u00a0\u00bb95%\u00a0\u00bb min_height=\u00a0\u00bb90%\u00a0\u00bb min_height_tablet=\u00a0\u00bb90%\u00a0\u00bb min_height_phone=\u00a0\u00bb80%\u00a0\u00bb min_height_last_edited=\u00a0\u00bbon|phone\u00a0\u00bb height_tablet=\u00a0\u00bb\u00a0\u00bb height_phone=\u00a0\u00bb80%\u00a0\u00bb height_last_edited=\u00a0\u00bbon|phone\u00a0\u00bb max_height_tablet=\u00a0\u00bb\u00a0\u00bb max_height_phone=\u00a0\u00bb80%\u00a0\u00bb max_height_last_edited=\u00a0\u00bbon|phone\u00a0\u00bb custom_margin=\u00a0\u00bb0px||||false|false\u00a0\u00bb custom_margin_tablet=\u00a0\u00bb20px||||false|false\u00a0\u00bb custom_margin_phone=\u00a0\u00bb0px||||false|false\u00a0\u00bb custom_margin_last_edited=\u00a0\u00bbon|phone\u00a0\u00bb custom_padding=\u00a0\u00bb50px||||false|false\u00a0\u00bb hover_enabled=\u00a0\u00bb0&Prime; global_colors_info=\u00a0\u00bb{}\u00a0\u00bb sticky_enabled=\u00a0\u00bb0&Prime;]    <div id=\"casse-brique-container\">\n        <canvas id=\"breakoutCanvas\" width=\"480\" height=\"600\"><\/canvas>\n        <div id=\"endOverlay\">\n            <div id=\"endMessage\"><\/div>\n            <button id=\"endButton\">Rejouer<\/button>\n        <\/div>\n    <\/div>\n    [\/et_pb_code][\/et_pb_column][\/et_pb_row][\/et_pb_section]<\/p>\n","protected":false},"excerpt":{"rendered":"    <div id=\"casse-brique-container\">\n        <canvas id=\"breakoutCanvas\" width=\"480\" height=\"600\"><\/canvas>\n        <div id=\"endOverlay\">\n            <div id=\"endMessage\"><\/div>\n            <button id=\"endButton\">Rejouer<\/button>\n        <\/div>\n    <\/div>\n    \n","protected":false},"author":1,"featured_media":100,"parent":0,"menu_order":0,"comment_status":"closed","ping_status":"closed","template":"page-template-blank.php","meta":{"_et_pb_use_builder":"on","_et_pb_old_content":"","_et_gb_content_width":"","footnotes":""},"class_list":["post-8","page","type-page","status-publish","has-post-thumbnail","hentry"],"yoast_head":"<!-- This site is optimized with the Yoast SEO plugin v27.5 - https:\/\/yoast.com\/product\/yoast-seo-wordpress\/ -->\n<title>Bienvenue au cafe meta - Ne ratez pas la prochaine r\u00e9volution !<\/title>\n<meta name=\"description\" content=\"Vous avez rat\u00e9 l&#039;apparition du Bitcoin? Rejoignez cafemeta et pour parler de la r\u00e9volution en cours des m\u00e9tavers!\" \/>\n<meta name=\"robots\" content=\"index, follow, max-snippet:-1, max-image-preview:large, max-video-preview:-1\" \/>\n<link rel=\"canonical\" href=\"https:\/\/www.cafemeta.fr\/\" \/>\n<meta property=\"og:locale\" content=\"fr_FR\" \/>\n<meta property=\"og:type\" content=\"article\" \/>\n<meta property=\"og:title\" content=\"Bienvenue au cafe meta - Ne ratez pas la prochaine r\u00e9volution !\" \/>\n<meta property=\"og:description\" content=\"Vous avez rat\u00e9 l&#039;apparition du Bitcoin? Rejoignez cafemeta et pour parler de la r\u00e9volution en cours des m\u00e9tavers!\" \/>\n<meta property=\"og:url\" content=\"https:\/\/www.cafemeta.fr\/\" \/>\n<meta property=\"og:site_name\" content=\"Ametasky is back\" \/>\n<meta property=\"article:modified_time\" content=\"2025-05-27T15:50:41+00:00\" \/>\n<meta property=\"og:image\" content=\"https:\/\/www.cafemeta.fr\/wp-content\/uploads\/2022\/11\/bannercafemetamain.jpg\" \/>\n\t<meta property=\"og:image:width\" content=\"1404\" \/>\n\t<meta property=\"og:image:height\" content=\"400\" \/>\n\t<meta property=\"og:image:type\" content=\"image\/jpeg\" \/>\n<meta name=\"twitter:card\" content=\"summary_large_image\" \/>\n<meta name=\"twitter:label1\" content=\"Dur\u00e9e de lecture estim\u00e9e\" \/>\n\t<meta name=\"twitter:data1\" content=\"3 minutes\" \/>\n<script type=\"application\/ld+json\" class=\"yoast-schema-graph\">{\"@context\":\"https:\\\/\\\/schema.org\",\"@graph\":[{\"@type\":\"WebPage\",\"@id\":\"https:\\\/\\\/www.cafemeta.fr\\\/\",\"url\":\"https:\\\/\\\/www.cafemeta.fr\\\/\",\"name\":\"Bienvenue au cafe meta - Ne ratez pas la prochaine r\u00e9volution !\",\"isPartOf\":{\"@id\":\"https:\\\/\\\/www.cafemeta.fr\\\/#website\"},\"primaryImageOfPage\":{\"@id\":\"https:\\\/\\\/www.cafemeta.fr\\\/#primaryimage\"},\"image\":{\"@id\":\"https:\\\/\\\/www.cafemeta.fr\\\/#primaryimage\"},\"thumbnailUrl\":\"https:\\\/\\\/www.cafemeta.fr\\\/wp-content\\\/uploads\\\/2022\\\/11\\\/bannercafemetamain.jpg\",\"datePublished\":\"2022-11-04T19:37:58+00:00\",\"dateModified\":\"2025-05-27T15:50:41+00:00\",\"description\":\"Vous avez rat\u00e9 l'apparition du Bitcoin? Rejoignez cafemeta et pour parler de la r\u00e9volution en cours des m\u00e9tavers!\",\"breadcrumb\":{\"@id\":\"https:\\\/\\\/www.cafemeta.fr\\\/#breadcrumb\"},\"inLanguage\":\"fr-FR\",\"potentialAction\":[{\"@type\":\"ReadAction\",\"target\":[\"https:\\\/\\\/www.cafemeta.fr\\\/\"]}]},{\"@type\":\"ImageObject\",\"inLanguage\":\"fr-FR\",\"@id\":\"https:\\\/\\\/www.cafemeta.fr\\\/#primaryimage\",\"url\":\"https:\\\/\\\/www.cafemeta.fr\\\/wp-content\\\/uploads\\\/2022\\\/11\\\/bannercafemetamain.jpg\",\"contentUrl\":\"https:\\\/\\\/www.cafemeta.fr\\\/wp-content\\\/uploads\\\/2022\\\/11\\\/bannercafemetamain.jpg\",\"width\":1404,\"height\":400,\"caption\":\"ville virtuelle\"},{\"@type\":\"BreadcrumbList\",\"@id\":\"https:\\\/\\\/www.cafemeta.fr\\\/#breadcrumb\",\"itemListElement\":[{\"@type\":\"ListItem\",\"position\":1,\"name\":\"Accueil\",\"item\":\"https:\\\/\\\/www.cafemeta.fr\\\/\"},{\"@type\":\"ListItem\",\"position\":2,\"name\":\"Bienvenue au cafe meta\"}]},{\"@type\":\"WebSite\",\"@id\":\"https:\\\/\\\/www.cafemeta.fr\\\/#website\",\"url\":\"https:\\\/\\\/www.cafemeta.fr\\\/\",\"name\":\"cafemeta\",\"description\":\"\",\"publisher\":{\"@id\":\"https:\\\/\\\/www.cafemeta.fr\\\/#organization\"},\"potentialAction\":[{\"@type\":\"SearchAction\",\"target\":{\"@type\":\"EntryPoint\",\"urlTemplate\":\"https:\\\/\\\/www.cafemeta.fr\\\/?s={search_term_string}\"},\"query-input\":{\"@type\":\"PropertyValueSpecification\",\"valueRequired\":true,\"valueName\":\"search_term_string\"}}],\"inLanguage\":\"fr-FR\"},{\"@type\":\"Organization\",\"@id\":\"https:\\\/\\\/www.cafemeta.fr\\\/#organization\",\"name\":\"cafemeta\",\"url\":\"https:\\\/\\\/www.cafemeta.fr\\\/\",\"logo\":{\"@type\":\"ImageObject\",\"inLanguage\":\"fr-FR\",\"@id\":\"https:\\\/\\\/www.cafemeta.fr\\\/#\\\/schema\\\/logo\\\/image\\\/\",\"url\":\"https:\\\/\\\/www.cafemeta.fr\\\/wp-content\\\/uploads\\\/2022\\\/11\\\/logocafemeta.png\",\"contentUrl\":\"https:\\\/\\\/www.cafemeta.fr\\\/wp-content\\\/uploads\\\/2022\\\/11\\\/logocafemeta.png\",\"width\":612,\"height\":638,\"caption\":\"cafemeta\"},\"image\":{\"@id\":\"https:\\\/\\\/www.cafemeta.fr\\\/#\\\/schema\\\/logo\\\/image\\\/\"}}]}<\/script>\n<!-- \/ Yoast SEO plugin. -->","yoast_head_json":{"title":"Bienvenue au cafe meta - Ne ratez pas la prochaine r\u00e9volution !","description":"Vous avez rat\u00e9 l'apparition du Bitcoin? Rejoignez cafemeta et pour parler de la r\u00e9volution en cours des m\u00e9tavers!","robots":{"index":"index","follow":"follow","max-snippet":"max-snippet:-1","max-image-preview":"max-image-preview:large","max-video-preview":"max-video-preview:-1"},"canonical":"https:\/\/www.cafemeta.fr\/","og_locale":"fr_FR","og_type":"article","og_title":"Bienvenue au cafe meta - Ne ratez pas la prochaine r\u00e9volution !","og_description":"Vous avez rat\u00e9 l'apparition du Bitcoin? Rejoignez cafemeta et pour parler de la r\u00e9volution en cours des m\u00e9tavers!","og_url":"https:\/\/www.cafemeta.fr\/","og_site_name":"Ametasky is back","article_modified_time":"2025-05-27T15:50:41+00:00","og_image":[{"width":1404,"height":400,"url":"https:\/\/www.cafemeta.fr\/wp-content\/uploads\/2022\/11\/bannercafemetamain.jpg","type":"image\/jpeg"}],"twitter_card":"summary_large_image","twitter_misc":{"Dur\u00e9e de lecture estim\u00e9e":"3 minutes"},"schema":{"@context":"https:\/\/schema.org","@graph":[{"@type":"WebPage","@id":"https:\/\/www.cafemeta.fr\/","url":"https:\/\/www.cafemeta.fr\/","name":"Bienvenue au cafe meta - Ne ratez pas la prochaine r\u00e9volution !","isPartOf":{"@id":"https:\/\/www.cafemeta.fr\/#website"},"primaryImageOfPage":{"@id":"https:\/\/www.cafemeta.fr\/#primaryimage"},"image":{"@id":"https:\/\/www.cafemeta.fr\/#primaryimage"},"thumbnailUrl":"https:\/\/www.cafemeta.fr\/wp-content\/uploads\/2022\/11\/bannercafemetamain.jpg","datePublished":"2022-11-04T19:37:58+00:00","dateModified":"2025-05-27T15:50:41+00:00","description":"Vous avez rat\u00e9 l'apparition du Bitcoin? Rejoignez cafemeta et pour parler de la r\u00e9volution en cours des m\u00e9tavers!","breadcrumb":{"@id":"https:\/\/www.cafemeta.fr\/#breadcrumb"},"inLanguage":"fr-FR","potentialAction":[{"@type":"ReadAction","target":["https:\/\/www.cafemeta.fr\/"]}]},{"@type":"ImageObject","inLanguage":"fr-FR","@id":"https:\/\/www.cafemeta.fr\/#primaryimage","url":"https:\/\/www.cafemeta.fr\/wp-content\/uploads\/2022\/11\/bannercafemetamain.jpg","contentUrl":"https:\/\/www.cafemeta.fr\/wp-content\/uploads\/2022\/11\/bannercafemetamain.jpg","width":1404,"height":400,"caption":"ville virtuelle"},{"@type":"BreadcrumbList","@id":"https:\/\/www.cafemeta.fr\/#breadcrumb","itemListElement":[{"@type":"ListItem","position":1,"name":"Accueil","item":"https:\/\/www.cafemeta.fr\/"},{"@type":"ListItem","position":2,"name":"Bienvenue au cafe meta"}]},{"@type":"WebSite","@id":"https:\/\/www.cafemeta.fr\/#website","url":"https:\/\/www.cafemeta.fr\/","name":"cafemeta","description":"","publisher":{"@id":"https:\/\/www.cafemeta.fr\/#organization"},"potentialAction":[{"@type":"SearchAction","target":{"@type":"EntryPoint","urlTemplate":"https:\/\/www.cafemeta.fr\/?s={search_term_string}"},"query-input":{"@type":"PropertyValueSpecification","valueRequired":true,"valueName":"search_term_string"}}],"inLanguage":"fr-FR"},{"@type":"Organization","@id":"https:\/\/www.cafemeta.fr\/#organization","name":"cafemeta","url":"https:\/\/www.cafemeta.fr\/","logo":{"@type":"ImageObject","inLanguage":"fr-FR","@id":"https:\/\/www.cafemeta.fr\/#\/schema\/logo\/image\/","url":"https:\/\/www.cafemeta.fr\/wp-content\/uploads\/2022\/11\/logocafemeta.png","contentUrl":"https:\/\/www.cafemeta.fr\/wp-content\/uploads\/2022\/11\/logocafemeta.png","width":612,"height":638,"caption":"cafemeta"},"image":{"@id":"https:\/\/www.cafemeta.fr\/#\/schema\/logo\/image\/"}}]}},"_links":{"self":[{"href":"https:\/\/www.cafemeta.fr\/index.php?rest_route=\/wp\/v2\/pages\/8","targetHints":{"allow":["GET"]}}],"collection":[{"href":"https:\/\/www.cafemeta.fr\/index.php?rest_route=\/wp\/v2\/pages"}],"about":[{"href":"https:\/\/www.cafemeta.fr\/index.php?rest_route=\/wp\/v2\/types\/page"}],"author":[{"embeddable":true,"href":"https:\/\/www.cafemeta.fr\/index.php?rest_route=\/wp\/v2\/users\/1"}],"replies":[{"embeddable":true,"href":"https:\/\/www.cafemeta.fr\/index.php?rest_route=%2Fwp%2Fv2%2Fcomments&post=8"}],"version-history":[{"count":101,"href":"https:\/\/www.cafemeta.fr\/index.php?rest_route=\/wp\/v2\/pages\/8\/revisions"}],"predecessor-version":[{"id":306,"href":"https:\/\/www.cafemeta.fr\/index.php?rest_route=\/wp\/v2\/pages\/8\/revisions\/306"}],"wp:featuredmedia":[{"embeddable":true,"href":"https:\/\/www.cafemeta.fr\/index.php?rest_route=\/wp\/v2\/media\/100"}],"wp:attachment":[{"href":"https:\/\/www.cafemeta.fr\/index.php?rest_route=%2Fwp%2Fv2%2Fmedia&parent=8"}],"curies":[{"name":"wp","href":"https:\/\/api.w.org\/{rel}","templated":true}]}}